{"id":10,"date":"2024-11-01T15:33:10","date_gmt":"2024-11-01T14:33:10","guid":{"rendered":"https:\/\/farmer.prochowice.pl\/?page_id=10"},"modified":"2025-02-06T15:58:07","modified_gmt":"2025-02-06T14:58:07","slug":"kontakt","status":"publish","type":"page","link":"http:\/\/farmer.prochowice.pl\/index.php\/kontakt\/","title":{"rendered":"Kontakt"},"content":{"rendered":"\n<p><strong>Farmer &#8211; Market Narz\u0119dziowo-Budowlany <br><\/strong>ul. Ciep\u0142a 3<br>59-230 Prochowice<\/p>\n\n\n\n<p><strong>Telefon:<br><\/strong>tel.:  768584694<br>tel.:  502603691<\/p>\n\n\n\n<p><strong>E-mail: <\/strong><br>sklep@farmer.prochowice.pl<br>biuro@farmer.prochowice.pl<\/p>\n\n\n\n<p><strong>Godziny otwarcia:<br><\/strong>Poniedzia\u0142ek\u2014pi\u0105tek: 7:30\u201317:00<br>Sobota: 8:00\u201314:00<\/p>\n\n\n\n<figure class=\"wp-block-image size-full\"><a href=\"https:\/\/wizytowka.rzetelnafirma.pl\/VEQ3RNP7\/\" target=\"_blank\" rel=\" noreferrer noopener\"><img loading=\"lazy\" decoding=\"async\" width=\"300\" height=\"163\" src=\"https:\/\/farmer.prochowice.pl\/wp-content\/uploads\/2025\/02\/Mini-stopka-RZF.png\" alt=\"\" class=\"wp-image-143\"\/><\/a><\/figure>\n\n\n\n<p><\/p>\n","protected":false},"excerpt":{"rendered":"<p>Farmer &#8211; Market Narz\u0119dziowo-Budowlany ul. Ciep\u0142a 359-230 Prochowice Telefon:tel.: 768584694tel.: 502603691 E-mail: sklep@farmer.prochowice.plbiuro@farmer.prochowice.pl Godziny otwarcia:Poniedzia\u0142ek\u2014pi\u0105tek: 7:30\u201317:00Sobota: 8:00\u201314:00<\/p>\n","protected":false},"author":1,"featured_media":0,"parent":0,"menu_order":0,"comment_status":"closed","ping_status":"closed","template":"","meta":{"footnotes":""},"class_list":["post-10","page","type-page","status-publish","hentry"],"yoast_head":"<!-- This site is optimized with the Yoast SEO plugin v26.0 - https:\/\/yoast.com\/wordpress\/plugins\/seo\/ -->\n<title>Kontakt - Farmer Market Narz\u0119dziowo-Budowlany<\/title>\n<meta name=\"robots\" content=\"index, follow, max-snippet:-1, max-image-preview:large, max-video-preview:-1\" \/>\n<link rel=\"canonical\" href=\"http:\/\/farmer.prochowice.pl\/index.php\/kontakt\/\" \/>\n<meta property=\"og:locale\" content=\"pl_PL\" \/>\n<meta property=\"og:type\" content=\"article\" \/>\n<meta property=\"og:title\" content=\"Kontakt - Farmer Market Narz\u0119dziowo-Budowlany\" \/>\n<meta property=\"og:description\" content=\"Farmer &#8211; Market Narz\u0119dziowo-Budowlany ul. Ciep\u0142a 359-230 Prochowice Telefon:tel.: 768584694tel.: 502603691 E-mail: sklep@farmer.prochowice.plbiuro@farmer.prochowice.pl Godziny otwarcia:Poniedzia\u0142ek\u2014pi\u0105tek: 7:30\u201317:00Sobota: 8:00\u201314:00\" \/>\n<meta property=\"og:url\" content=\"http:\/\/farmer.prochowice.pl\/index.php\/kontakt\/\" \/>\n<meta property=\"og:site_name\" content=\"Farmer Market Narz\u0119dziowo-Budowlany\" \/>\n<meta property=\"article:modified_time\" content=\"2025-02-06T14:58:07+00:00\" \/>\n<meta property=\"og:image\" content=\"https:\/\/farmer.prochowice.pl\/wp-content\/uploads\/2025\/02\/Mini-stopka-RZF.png\" \/>\n<meta name=\"twitter:card\" content=\"summary_large_image\" \/>\n<meta name=\"twitter:label1\" content=\"Szacowany czas czytania\" \/>\n\t<meta name=\"twitter:data1\" content=\"1 minuta\" \/>\n<script type=\"application\/ld+json\" class=\"yoast-schema-graph\">{\"@context\":\"https:\/\/schema.org\",\"@graph\":[{\"@type\":\"WebPage\",\"@id\":\"http:\/\/farmer.prochowice.pl\/index.php\/kontakt\/\",\"url\":\"http:\/\/farmer.prochowice.pl\/index.php\/kontakt\/\",\"name\":\"Kontakt - Farmer Market Narz\u0119dziowo-Budowlany\",\"isPartOf\":{\"@id\":\"http:\/\/farmer.prochowice.pl\/#website\"},\"primaryImageOfPage\":{\"@id\":\"http:\/\/farmer.prochowice.pl\/index.php\/kontakt\/#primaryimage\"},\"image\":{\"@id\":\"http:\/\/farmer.prochowice.pl\/index.php\/kontakt\/#primaryimage\"},\"thumbnailUrl\":\"https:\/\/farmer.prochowice.pl\/wp-content\/uploads\/2025\/02\/Mini-stopka-RZF.png\",\"datePublished\":\"2024-11-01T14:33:10+00:00\",\"dateModified\":\"2025-02-06T14:58:07+00:00\",\"breadcrumb\":{\"@id\":\"http:\/\/farmer.prochowice.pl\/index.php\/kontakt\/#breadcrumb\"},\"inLanguage\":\"pl-PL\",\"potentialAction\":[{\"@type\":\"ReadAction\",\"target\":[\"http:\/\/farmer.prochowice.pl\/index.php\/kontakt\/\"]}]},{\"@type\":\"ImageObject\",\"inLanguage\":\"pl-PL\",\"@id\":\"http:\/\/farmer.prochowice.pl\/index.php\/kontakt\/#primaryimage\",\"url\":\"http:\/\/farmer.prochowice.pl\/wp-content\/uploads\/2025\/02\/Mini-stopka-RZF.png\",\"contentUrl\":\"http:\/\/farmer.prochowice.pl\/wp-content\/uploads\/2025\/02\/Mini-stopka-RZF.png\",\"width\":300,\"height\":163},{\"@type\":\"BreadcrumbList\",\"@id\":\"http:\/\/farmer.prochowice.pl\/index.php\/kontakt\/#breadcrumb\",\"itemListElement\":[{\"@type\":\"ListItem\",\"position\":1,\"name\":\"Strona g\u0142\u00f3wna\",\"item\":\"http:\/\/farmer.prochowice.pl\/\"},{\"@type\":\"ListItem\",\"position\":2,\"name\":\"Kontakt\"}]},{\"@type\":\"WebSite\",\"@id\":\"http:\/\/farmer.prochowice.pl\/#website\",\"url\":\"http:\/\/farmer.prochowice.pl\/\",\"name\":\"Farmer Market Narz\u0119dziowo-Budowlany\",\"description\":\"ul. Ciep\u0142a 3 , Prochowice\",\"potentialAction\":[{\"@type\":\"SearchAction\",\"target\":{\"@type\":\"EntryPoint\",\"urlTemplate\":\"http:\/\/farmer.prochowice.pl\/?s={search_term_string}\"},\"query-input\":{\"@type\":\"PropertyValueSpecification\",\"valueRequired\":true,\"valueName\":\"search_term_string\"}}],\"inLanguage\":\"pl-PL\"}]}<\/script>\n<!-- \/ Yoast SEO plugin. -->","yoast_head_json":{"title":"Kontakt - Farmer Market Narz\u0119dziowo-Budowlany","robots":{"index":"index","follow":"follow","max-snippet":"max-snippet:-1","max-image-preview":"max-image-preview:large","max-video-preview":"max-video-preview:-1"},"canonical":"http:\/\/farmer.prochowice.pl\/index.php\/kontakt\/","og_locale":"pl_PL","og_type":"article","og_title":"Kontakt - Farmer Market Narz\u0119dziowo-Budowlany","og_description":"Farmer &#8211; Market Narz\u0119dziowo-Budowlany ul. Ciep\u0142a 359-230 Prochowice Telefon:tel.: 768584694tel.: 502603691 E-mail: sklep@farmer.prochowice.plbiuro@farmer.prochowice.pl Godziny otwarcia:Poniedzia\u0142ek\u2014pi\u0105tek: 7:30\u201317:00Sobota: 8:00\u201314:00","og_url":"http:\/\/farmer.prochowice.pl\/index.php\/kontakt\/","og_site_name":"Farmer Market Narz\u0119dziowo-Budowlany","article_modified_time":"2025-02-06T14:58:07+00:00","og_image":[{"url":"https:\/\/farmer.prochowice.pl\/wp-content\/uploads\/2025\/02\/Mini-stopka-RZF.png","type":"","width":"","height":""}],"twitter_card":"summary_large_image","twitter_misc":{"Szacowany czas czytania":"1 minuta"},"schema":{"@context":"https:\/\/schema.org","@graph":[{"@type":"WebPage","@id":"http:\/\/farmer.prochowice.pl\/index.php\/kontakt\/","url":"http:\/\/farmer.prochowice.pl\/index.php\/kontakt\/","name":"Kontakt - Farmer Market Narz\u0119dziowo-Budowlany","isPartOf":{"@id":"http:\/\/farmer.prochowice.pl\/#website"},"primaryImageOfPage":{"@id":"http:\/\/farmer.prochowice.pl\/index.php\/kontakt\/#primaryimage"},"image":{"@id":"http:\/\/farmer.prochowice.pl\/index.php\/kontakt\/#primaryimage"},"thumbnailUrl":"https:\/\/farmer.prochowice.pl\/wp-content\/uploads\/2025\/02\/Mini-stopka-RZF.png","datePublished":"2024-11-01T14:33:10+00:00","dateModified":"2025-02-06T14:58:07+00:00","breadcrumb":{"@id":"http:\/\/farmer.prochowice.pl\/index.php\/kontakt\/#breadcrumb"},"inLanguage":"pl-PL","potentialAction":[{"@type":"ReadAction","target":["http:\/\/farmer.prochowice.pl\/index.php\/kontakt\/"]}]},{"@type":"ImageObject","inLanguage":"pl-PL","@id":"http:\/\/farmer.prochowice.pl\/index.php\/kontakt\/#primaryimage","url":"http:\/\/farmer.prochowice.pl\/wp-content\/uploads\/2025\/02\/Mini-stopka-RZF.png","contentUrl":"http:\/\/farmer.prochowice.pl\/wp-content\/uploads\/2025\/02\/Mini-stopka-RZF.png","width":300,"height":163},{"@type":"BreadcrumbList","@id":"http:\/\/farmer.prochowice.pl\/index.php\/kontakt\/#breadcrumb","itemListElement":[{"@type":"ListItem","position":1,"name":"Strona g\u0142\u00f3wna","item":"http:\/\/farmer.prochowice.pl\/"},{"@type":"ListItem","position":2,"name":"Kontakt"}]},{"@type":"WebSite","@id":"http:\/\/farmer.prochowice.pl\/#website","url":"http:\/\/farmer.prochowice.pl\/","name":"Farmer Market Narz\u0119dziowo-Budowlany","description":"ul. Ciep\u0142a 3 , Prochowice","potentialAction":[{"@type":"SearchAction","target":{"@type":"EntryPoint","urlTemplate":"http:\/\/farmer.prochowice.pl\/?s={search_term_string}"},"query-input":{"@type":"PropertyValueSpecification","valueRequired":true,"valueName":"search_term_string"}}],"inLanguage":"pl-PL"}]}},"_links":{"self":[{"href":"http:\/\/farmer.prochowice.pl\/index.php\/wp-json\/wp\/v2\/pages\/10","targetHints":{"allow":["GET"]}}],"collection":[{"href":"http:\/\/farmer.prochowice.pl\/index.php\/wp-json\/wp\/v2\/pages"}],"about":[{"href":"http:\/\/farmer.prochowice.pl\/index.php\/wp-json\/wp\/v2\/types\/page"}],"author":[{"embeddable":true,"href":"http:\/\/farmer.prochowice.pl\/index.php\/wp-json\/wp\/v2\/users\/1"}],"replies":[{"embeddable":true,"href":"http:\/\/farmer.prochowice.pl\/index.php\/wp-json\/wp\/v2\/comments?post=10"}],"version-history":[{"count":22,"href":"http:\/\/farmer.prochowice.pl\/index.php\/wp-json\/wp\/v2\/pages\/10\/revisions"}],"predecessor-version":[{"id":145,"href":"http:\/\/farmer.prochowice.pl\/index.php\/wp-json\/wp\/v2\/pages\/10\/revisions\/145"}],"wp:attachment":[{"href":"http:\/\/farmer.prochowice.pl\/index.php\/wp-json\/wp\/v2\/media?parent=10"}],"curies":[{"name":"wp","href":"https:\/\/api.w.org\/{rel}","templated":true}]}}